{"id":92,"date":"2023-04-05T19:39:48","date_gmt":"2023-04-05T17:39:48","guid":{"rendered":"https:\/\/www.marnobjekt.de\/imprint\/"},"modified":"2023-07-06T14:55:32","modified_gmt":"2023-07-06T12:55:32","slug":"imprint","status":"publish","type":"page","link":"https:\/\/www.marnobjekt.de\/en\/imprint\/","title":{"rendered":"Imprint"},"content":{"rendered":"\n<p>Marn Objektmanagement GmbH<br\/>Managing Director: Ren\u00e9 Marn<br\/>Gro\u00dfe Elbstra\u00dfe 43<br\/>22767 Hamburg<\/p>\n","protected":false},"excerpt":{"rendered":"<p>Marn Objektmanagement GmbHManaging Director: Ren\u00e9 MarnGro\u00dfe Elbstra\u00dfe 4322767 Hamburg<\/p>\n","protected":false},"author":1,"featured_media":0,"parent":0,"menu_order":0,"comment_status":"closed","ping_status":"closed","template":"","meta":{"footnotes":""},"class_list":["post-92","page","type-page","status-publish","hentry"],"acf":[],"yoast_head":"<!-- This site is optimized with the Yoast SEO plugin v20.12 - https:\/\/yoast.com\/wordpress\/plugins\/seo\/ -->\n<title>Imprint - Marn Objektmanagement<\/title>\n<meta name=\"robots\" content=\"index, follow, max-snippet:-1, max-image-preview:large, max-video-preview:-1\" \/>\n<link rel=\"canonical\" href=\"https:\/\/www.marnobjekt.de\/en\/imprint\/\" \/>\n<meta property=\"og:locale\" content=\"en_US\" \/>\n<meta property=\"og:type\" content=\"article\" \/>\n<meta property=\"og:title\" content=\"Imprint - Marn Objektmanagement\" \/>\n<meta property=\"og:description\" content=\"Marn Objektmanagement GmbHManaging Director: Ren\u00e9 MarnGro\u00dfe Elbstra\u00dfe 4322767 Hamburg\" \/>\n<meta property=\"og:url\" content=\"https:\/\/www.marnobjekt.de\/en\/imprint\/\" \/>\n<meta property=\"og:site_name\" content=\"Marn Objektmanagement\" \/>\n<meta property=\"article:modified_time\" content=\"2023-07-06T12:55:32+00:00\" \/>\n<meta name=\"twitter:card\" content=\"summary_large_image\" \/>\n<script type=\"application\/ld+json\" class=\"yoast-schema-graph\">{\"@context\":\"https:\/\/schema.org\",\"@graph\":[{\"@type\":\"WebPage\",\"@id\":\"https:\/\/www.marnobjekt.de\/en\/imprint\/\",\"url\":\"https:\/\/www.marnobjekt.de\/en\/imprint\/\",\"name\":\"Imprint - Marn Objektmanagement\",\"isPartOf\":{\"@id\":\"https:\/\/www.marnobjekt.de\/en\/#website\"},\"datePublished\":\"2023-04-05T17:39:48+00:00\",\"dateModified\":\"2023-07-06T12:55:32+00:00\",\"breadcrumb\":{\"@id\":\"https:\/\/www.marnobjekt.de\/en\/imprint\/#breadcrumb\"},\"inLanguage\":\"en-US\",\"potentialAction\":[{\"@type\":\"ReadAction\",\"target\":[\"https:\/\/www.marnobjekt.de\/en\/imprint\/\"]}]},{\"@type\":\"BreadcrumbList\",\"@id\":\"https:\/\/www.marnobjekt.de\/en\/imprint\/#breadcrumb\",\"itemListElement\":[{\"@type\":\"ListItem\",\"position\":1,\"name\":\"Home\",\"item\":\"https:\/\/www.marnobjekt.de\/en\/\"},{\"@type\":\"ListItem\",\"position\":2,\"name\":\"Imprint\"}]},{\"@type\":\"WebSite\",\"@id\":\"https:\/\/www.marnobjekt.de\/en\/#website\",\"url\":\"https:\/\/www.marnobjekt.de\/en\/\",\"name\":\"Marn Objektmanagement\",\"description\":\"\",\"publisher\":{\"@id\":\"https:\/\/www.marnobjekt.de\/en\/#organization\"},\"potentialAction\":[{\"@type\":\"SearchAction\",\"target\":{\"@type\":\"EntryPoint\",\"urlTemplate\":\"https:\/\/www.marnobjekt.de\/en\/?s={search_term_string}\"},\"query-input\":\"required name=search_term_string\"}],\"inLanguage\":\"en-US\"},{\"@type\":\"Organization\",\"@id\":\"https:\/\/www.marnobjekt.de\/en\/#organization\",\"name\":\"Marn Objektmanagement\",\"url\":\"https:\/\/www.marnobjekt.de\/en\/\",\"logo\":{\"@type\":\"ImageObject\",\"inLanguage\":\"en-US\",\"@id\":\"https:\/\/www.marnobjekt.de\/en\/#\/schema\/logo\/image\/\",\"url\":\"https:\/\/www.marnobjekt.de\/wp-content\/uploads\/2023\/07\/Marn_Logo.svg\",\"contentUrl\":\"https:\/\/www.marnobjekt.de\/wp-content\/uploads\/2023\/07\/Marn_Logo.svg\",\"width\":1,\"height\":1,\"caption\":\"Marn Objektmanagement\"},\"image\":{\"@id\":\"https:\/\/www.marnobjekt.de\/en\/#\/schema\/logo\/image\/\"}}]}<\/script>\n<!-- \/ Yoast SEO plugin. -->","yoast_head_json":{"title":"Imprint - Marn Objektmanagement","robots":{"index":"index","follow":"follow","max-snippet":"max-snippet:-1","max-image-preview":"max-image-preview:large","max-video-preview":"max-video-preview:-1"},"canonical":"https:\/\/www.marnobjekt.de\/en\/imprint\/","og_locale":"en_US","og_type":"article","og_title":"Imprint - Marn Objektmanagement","og_description":"Marn Objektmanagement GmbHManaging Director: Ren\u00e9 MarnGro\u00dfe Elbstra\u00dfe 4322767 Hamburg","og_url":"https:\/\/www.marnobjekt.de\/en\/imprint\/","og_site_name":"Marn Objektmanagement","article_modified_time":"2023-07-06T12:55:32+00:00","twitter_card":"summary_large_image","schema":{"@context":"https:\/\/schema.org","@graph":[{"@type":"WebPage","@id":"https:\/\/www.marnobjekt.de\/en\/imprint\/","url":"https:\/\/www.marnobjekt.de\/en\/imprint\/","name":"Imprint - Marn Objektmanagement","isPartOf":{"@id":"https:\/\/www.marnobjekt.de\/en\/#website"},"datePublished":"2023-04-05T17:39:48+00:00","dateModified":"2023-07-06T12:55:32+00:00","breadcrumb":{"@id":"https:\/\/www.marnobjekt.de\/en\/imprint\/#breadcrumb"},"inLanguage":"en-US","potentialAction":[{"@type":"ReadAction","target":["https:\/\/www.marnobjekt.de\/en\/imprint\/"]}]},{"@type":"BreadcrumbList","@id":"https:\/\/www.marnobjekt.de\/en\/imprint\/#breadcrumb","itemListElement":[{"@type":"ListItem","position":1,"name":"Home","item":"https:\/\/www.marnobjekt.de\/en\/"},{"@type":"ListItem","position":2,"name":"Imprint"}]},{"@type":"WebSite","@id":"https:\/\/www.marnobjekt.de\/en\/#website","url":"https:\/\/www.marnobjekt.de\/en\/","name":"Marn Objektmanagement","description":"","publisher":{"@id":"https:\/\/www.marnobjekt.de\/en\/#organization"},"potentialAction":[{"@type":"SearchAction","target":{"@type":"EntryPoint","urlTemplate":"https:\/\/www.marnobjekt.de\/en\/?s={search_term_string}"},"query-input":"required name=search_term_string"}],"inLanguage":"en-US"},{"@type":"Organization","@id":"https:\/\/www.marnobjekt.de\/en\/#organization","name":"Marn Objektmanagement","url":"https:\/\/www.marnobjekt.de\/en\/","logo":{"@type":"ImageObject","inLanguage":"en-US","@id":"https:\/\/www.marnobjekt.de\/en\/#\/schema\/logo\/image\/","url":"https:\/\/www.marnobjekt.de\/wp-content\/uploads\/2023\/07\/Marn_Logo.svg","contentUrl":"https:\/\/www.marnobjekt.de\/wp-content\/uploads\/2023\/07\/Marn_Logo.svg","width":1,"height":1,"caption":"Marn Objektmanagement"},"image":{"@id":"https:\/\/www.marnobjekt.de\/en\/#\/schema\/logo\/image\/"}}]}},"_links":{"self":[{"href":"https:\/\/www.marnobjekt.de\/en\/wp-json\/wp\/v2\/pages\/92","targetHints":{"allow":["GET"]}}],"collection":[{"href":"https:\/\/www.marnobjekt.de\/en\/wp-json\/wp\/v2\/pages"}],"about":[{"href":"https:\/\/www.marnobjekt.de\/en\/wp-json\/wp\/v2\/types\/page"}],"author":[{"embeddable":true,"href":"https:\/\/www.marnobjekt.de\/en\/wp-json\/wp\/v2\/users\/1"}],"replies":[{"embeddable":true,"href":"https:\/\/www.marnobjekt.de\/en\/wp-json\/wp\/v2\/comments?post=92"}],"version-history":[{"count":6,"href":"https:\/\/www.marnobjekt.de\/en\/wp-json\/wp\/v2\/pages\/92\/revisions"}],"predecessor-version":[{"id":1259,"href":"https:\/\/www.marnobjekt.de\/en\/wp-json\/wp\/v2\/pages\/92\/revisions\/1259"}],"wp:attachment":[{"href":"https:\/\/www.marnobjekt.de\/en\/wp-json\/wp\/v2\/media?parent=92"}],"curies":[{"name":"wp","href":"https:\/\/api.w.org\/{rel}","templated":true}]}}